{"id":34,"date":"2025-01-10T17:52:28","date_gmt":"2025-01-10T17:52:28","guid":{"rendered":"https:\/\/kustvindenstugor.com\/workshop\/"},"modified":"2025-04-06T12:08:10","modified_gmt":"2025-04-06T12:08:10","slug":"fragor","status":"publish","type":"page","link":"https:\/\/kustvindenstugor.com\/?page_id=34","title":{"rendered":"Vanliga fr\u00e5gor"},"content":{"rendered":"\t\t<div data-elementor-type=\"wp-page\" data-elementor-id=\"34\" class=\"elementor elementor-34\">\n\t\t\t\t<div class=\"elementor-element elementor-element-60ff2965 e-con-full e-flex e-con e-parent\" data-id=\"60ff2965\" data-element_type=\"container\" data-settings=\"{&quot;background_background&quot;:&quot;classic&quot;}\">\n\t\t<div class=\"elementor-element elementor-element-69cf6adc e-con-full e-flex e-con e-child\" data-id=\"69cf6adc\" data-element_type=\"container\">\n\t\t<div class=\"elementor-element elementor-element-6127b95f e-flex e-con-boxed e-con e-child\" data-id=\"6127b95f\" data-element_type=\"container\" data-settings=\"{&quot;background_background&quot;:&quot;classic&quot;}\">\n\t\t\t\t\t<div class=\"e-con-inner\">\n\t\t\t\t<div class=\"elementor-element elementor-element-60272c8 elementor-widget elementor-widget-heading\" data-id=\"60272c8\" data-element_type=\"widget\" data-widget_type=\"heading.default\">\n\t\t\t\t<div class=\"elementor-widget-container\">\n\t\t\t\t\t<h2 class=\"elementor-heading-title elementor-size-default\">Kundavtal<\/h2>\t\t\t\t<\/div>\n\t\t\t\t<\/div>\n\t\t\t\t<div class=\"elementor-element elementor-element-4f829ec9 elementor-widget__width-initial elementor-widget elementor-widget-text-editor\" data-id=\"4f829ec9\" data-element_type=\"widget\" data-widget_type=\"text-editor.default\">\n\t\t\t\t<div class=\"elementor-widget-container\">\n\t\t\t\t\t\t\t\t\t<p>Detta \u00e4r ett exempel p\u00e5 v\u00e5rat avtal vi beh\u00f6ver underteckna med er<\/p>\t\t\t\t\t\t\t\t<\/div>\n\t\t\t\t<\/div>\n\t\t\t\t<div class=\"elementor-element elementor-element-22778267 elementor-widget-mobile__width-inherit elementor-align-center elementor-invisible elementor-widget elementor-widget-button\" data-id=\"22778267\" data-element_type=\"widget\" data-settings=\"{&quot;_animation&quot;:&quot;fadeInDown&quot;}\" data-widget_type=\"button.default\">\n\t\t\t\t<div class=\"elementor-widget-container\">\n\t\t\t\t\t\t\t\t\t<div class=\"elementor-button-wrapper\">\n\t\t\t\t\t<a class=\"elementor-button elementor-button-link elementor-size-sm elementor-animation-sink\" href=\"https:\/\/kustvindenstugor.com\/wp-content\/uploads\/2025\/01\/Kundavtal.pdf\" target=\"_blank\">\n\t\t\t\t\t\t<span class=\"elementor-button-content-wrapper\">\n\t\t\t\t\t\t\t\t\t<span class=\"elementor-button-text\">Kundavtal<\/span>\n\t\t\t\t\t<\/span>\n\t\t\t\t\t<\/a>\n\t\t\t\t<\/div>\n\t\t\t\t\t\t\t\t<\/div>\n\t\t\t\t<\/div>\n\t\t\t\t\t<\/div>\n\t\t\t\t<\/div>\n\t\t\t\t<\/div>\n\t\t\t\t<\/div>\n\t\t<div class=\"elementor-element elementor-element-e78f334 e-grid e-con-boxed e-con e-parent\" data-id=\"e78f334\" data-element_type=\"container\">\n\t\t\t\t\t<div class=\"e-con-inner\">\n\t\t<div class=\"elementor-element elementor-element-b7bc06b e-grid e-con-full e-con e-child\" data-id=\"b7bc06b\" data-element_type=\"container\">\n\t\t\t\t<div class=\"elementor-element elementor-element-c01af3c elementor-widget elementor-widget-heading\" data-id=\"c01af3c\" data-element_type=\"widget\" data-widget_type=\"heading.default\">\n\t\t\t\t<div class=\"elementor-widget-container\">\n\t\t\t\t\t<h2 class=\"elementor-heading-title elementor-size-default\">Vanliga Fr\u00e5gor<\/h2>\t\t\t\t<\/div>\n\t\t\t\t<\/div>\n\t\t\t\t<div class=\"elementor-element elementor-element-5b2f7cf elementor-widget-mobile__width-inherit elementor-widget elementor-widget-text-editor\" data-id=\"5b2f7cf\" data-element_type=\"widget\" data-widget_type=\"text-editor.default\">\n\t\t\t\t<div class=\"elementor-widget-container\">\n\t\t\t\t\t\t\t\t\t<p>Hittade du inte svaret p\u00e5 din fr\u00e5ga?\u00a0\u00a0<\/p>\t\t\t\t\t\t\t\t<\/div>\n\t\t\t\t<\/div>\n\t\t\t\t<\/div>\n\t\t\t\t<div class=\"elementor-element elementor-element-9195021 elementor-align-center elementor-widget-mobile__width-inherit elementor-invisible elementor-widget elementor-widget-button\" data-id=\"9195021\" data-element_type=\"widget\" data-settings=\"{&quot;_animation&quot;:&quot;fadeInDown&quot;}\" data-widget_type=\"button.default\">\n\t\t\t\t<div class=\"elementor-widget-container\">\n\t\t\t\t\t\t\t\t\t<div class=\"elementor-button-wrapper\">\n\t\t\t\t\t<a class=\"elementor-button elementor-button-link elementor-size-sm elementor-animation-sink\" href=\"#\">\n\t\t\t\t\t\t<span class=\"elementor-button-content-wrapper\">\n\t\t\t\t\t\t\t\t\t<span class=\"elementor-button-text\">Kontakta Oss<\/span>\n\t\t\t\t\t<\/span>\n\t\t\t\t\t<\/a>\n\t\t\t\t<\/div>\n\t\t\t\t\t\t\t\t<\/div>\n\t\t\t\t<\/div>\n\t\t\t\t\t<\/div>\n\t\t\t\t<\/div>\n\t\t<div class=\"elementor-element elementor-element-abd4c59 e-flex e-con-boxed e-con e-parent\" data-id=\"abd4c59\" data-element_type=\"container\">\n\t\t\t\t\t<div class=\"e-con-inner\">\n\t\t<div class=\"elementor-element elementor-element-fc025e8 e-con-full e-flex e-con e-child\" data-id=\"fc025e8\" data-element_type=\"container\">\n\t\t\t\t<div class=\"elementor-element elementor-element-7336035 elementor-widget__width-inherit elementor-widget elementor-widget-toggle\" data-id=\"7336035\" data-element_type=\"widget\" data-widget_type=\"toggle.default\">\n\t\t\t\t<div class=\"elementor-widget-container\">\n\t\t\t\t\t\t\t<div class=\"elementor-toggle\">\n\t\t\t\t\t\t\t<div class=\"elementor-toggle-item\">\n\t\t\t\t\t<h6 id=\"elementor-tab-title-1201\" class=\"elementor-tab-title\" data-tab=\"1\" role=\"button\" aria-controls=\"elementor-tab-content-1201\" aria-expanded=\"false\">\n\t\t\t\t\t\t\t\t\t\t\t\t<span class=\"elementor-toggle-icon elementor-toggle-icon-right\" aria-hidden=\"true\">\n\t\t\t\t\t\t\t\t\t\t\t\t\t\t\t<span class=\"elementor-toggle-icon-closed\"><\/span>\n\t\t\t\t\t\t\t\t<span class=\"elementor-toggle-icon-opened\"><\/span>\n\t\t\t\t\t\t\t\t\t\t\t\t\t<\/span>\n\t\t\t\t\t\t\t\t\t\t\t\t<a class=\"elementor-toggle-title\" tabindex=\"0\">Hur ofta kan jag hyra ut?<\/a>\n\t\t\t\t\t<\/h6>\n\n\t\t\t\t\t<div id=\"elementor-tab-content-1201\" class=\"elementor-tab-content elementor-clearfix\" data-tab=\"1\" role=\"region\" aria-labelledby=\"elementor-tab-title-1201\"><p>Hos oss finns inga begr\u00e4nsningar hur ofta du vill hyra ut ditt hus men det finns en del saker du beh\u00f6ver t\u00e4nka p\u00e5:<\/p><ul><li>Du kan hyra ut ditt fritidshus och tj\u00e4na upp till 40 000 kronor per \u00e5r skattefritt. Ut\u00f6ver detta belopp \u00e4r 20 % av hyresinkomsterna avdragsgilla. P\u00e5 resterande belopp betalar du skatt.<\/li><li>Efterfr\u00e5gan \u00e4r ofta h\u00f6gre under sommarm\u00e5naderna och popul\u00e4ra semesterperioder, s\u00e5 dessa tider kan vara extra l\u00f6nsamma<\/li><li>Om du \u00e4ger din stuga men tomtmarken \u00e4r ett arrendekontrakt s\u00e5 kan du beh\u00f6va tillst\u00e5nd fr\u00e5n mark\u00e4garen.<\/li><\/ul><\/div>\n\t\t\t\t<\/div>\n\t\t\t\t\t\t\t<div class=\"elementor-toggle-item\">\n\t\t\t\t\t<h6 id=\"elementor-tab-title-1202\" class=\"elementor-tab-title\" data-tab=\"2\" role=\"button\" aria-controls=\"elementor-tab-content-1202\" aria-expanded=\"false\">\n\t\t\t\t\t\t\t\t\t\t\t\t<span class=\"elementor-toggle-icon elementor-toggle-icon-right\" aria-hidden=\"true\">\n\t\t\t\t\t\t\t\t\t\t\t\t\t\t\t<span class=\"elementor-toggle-icon-closed\"><\/span>\n\t\t\t\t\t\t\t\t<span class=\"elementor-toggle-icon-opened\"><\/span>\n\t\t\t\t\t\t\t\t\t\t\t\t\t<\/span>\n\t\t\t\t\t\t\t\t\t\t\t\t<a class=\"elementor-toggle-title\" tabindex=\"0\">Kan jag avbryta n\u00e4rsomhelst?<\/a>\n\t\t\t\t\t<\/h6>\n\n\t\t\t\t\t<div id=\"elementor-tab-content-1202\" class=\"elementor-tab-content elementor-clearfix\" data-tab=\"2\" role=\"region\" aria-labelledby=\"elementor-tab-title-1202\"><p>Det beror p\u00e5 vilket kundavtal vi har kommit \u00f6verens om:<\/p><ul><li>Standard avtal : Detta finns att l\u00e4sa l\u00e4ngre upp p\u00e5 sidan. Detta avtal \u00e4r tidsbest\u00e4mt och kan ej avbrytas under den \u00f6verenskomna perioden.<\/li><li>Flexibelt avtal : Vi p\u00e5 Kustvinden \u00e4r m\u00e5na om v\u00e5ra kunder d\u00e4rf\u00f6r s\u00e5 ordnar vi fram skr\u00e4ddarsydda avtal om ni \u00f6nskar. Denna typ av avtal kan vara p\u00e5 obest\u00e4md tid och kan s\u00e4gas upp n\u00e4rsomhelst. D\u00e4remot brukar det finnas specifika villkor ist\u00e4llet s\u00e5som att du kan ej avbryta samarbetet mitt under h\u00f6gs\u00e4song eller n\u00e4r det finns flertalet veckor som \u00e4r bokade av g\u00e4ster.\u00a0<\/li><\/ul><\/div>\n\t\t\t\t<\/div>\n\t\t\t\t\t\t\t<div class=\"elementor-toggle-item\">\n\t\t\t\t\t<h6 id=\"elementor-tab-title-1203\" class=\"elementor-tab-title\" data-tab=\"3\" role=\"button\" aria-controls=\"elementor-tab-content-1203\" aria-expanded=\"false\">\n\t\t\t\t\t\t\t\t\t\t\t\t<span class=\"elementor-toggle-icon elementor-toggle-icon-right\" aria-hidden=\"true\">\n\t\t\t\t\t\t\t\t\t\t\t\t\t\t\t<span class=\"elementor-toggle-icon-closed\"><\/span>\n\t\t\t\t\t\t\t\t<span class=\"elementor-toggle-icon-opened\"><\/span>\n\t\t\t\t\t\t\t\t\t\t\t\t\t<\/span>\n\t\t\t\t\t\t\t\t\t\t\t\t<a class=\"elementor-toggle-title\" tabindex=\"0\">Hur mycket provision tar ni?<\/a>\n\t\t\t\t\t<\/h6>\n\n\t\t\t\t\t<div id=\"elementor-tab-content-1203\" class=\"elementor-tab-content elementor-clearfix\" data-tab=\"3\" role=\"region\" aria-labelledby=\"elementor-tab-title-1203\"><p>Vi tar endast 30% av hela uthyrningsbeloppet. Resterande 70% g\u00e5r direkt till er.<\/p><\/div>\n\t\t\t\t<\/div>\n\t\t\t\t\t\t\t<div class=\"elementor-toggle-item\">\n\t\t\t\t\t<h6 id=\"elementor-tab-title-1204\" class=\"elementor-tab-title\" data-tab=\"4\" role=\"button\" aria-controls=\"elementor-tab-content-1204\" aria-expanded=\"false\">\n\t\t\t\t\t\t\t\t\t\t\t\t<span class=\"elementor-toggle-icon elementor-toggle-icon-right\" aria-hidden=\"true\">\n\t\t\t\t\t\t\t\t\t\t\t\t\t\t\t<span class=\"elementor-toggle-icon-closed\"><\/span>\n\t\t\t\t\t\t\t\t<span class=\"elementor-toggle-icon-opened\"><\/span>\n\t\t\t\t\t\t\t\t\t\t\t\t\t<\/span>\n\t\t\t\t\t\t\t\t\t\t\t\t<a class=\"elementor-toggle-title\" tabindex=\"0\">Vad h\u00e4nder n\u00e4r mitt hus blir bokat?<\/a>\n\t\t\t\t\t<\/h6>\n\n\t\t\t\t\t<div id=\"elementor-tab-content-1204\" class=\"elementor-tab-content elementor-clearfix\" data-tab=\"4\" role=\"region\" aria-labelledby=\"elementor-tab-title-1204\"><p>N\u00e4r g\u00e4ster har bokat ditt hus s\u00e5 informerar vi dig om detta.\u00a0<\/p><\/div>\n\t\t\t\t<\/div>\n\t\t\t\t\t\t\t\t<\/div>\n\t\t\t\t\t\t<\/div>\n\t\t\t\t<\/div>\n\t\t\t\t<\/div>\n\t\t<div class=\"elementor-element elementor-element-e29a676 e-con-full e-flex e-con e-child\" data-id=\"e29a676\" data-element_type=\"container\">\n\t\t\t\t<div class=\"elementor-element elementor-element-43ee3e5 elementor-widget__width-inherit elementor-widget elementor-widget-toggle\" data-id=\"43ee3e5\" data-element_type=\"widget\" data-widget_type=\"toggle.default\">\n\t\t\t\t<div class=\"elementor-widget-container\">\n\t\t\t\t\t\t\t<div class=\"elementor-toggle\">\n\t\t\t\t\t\t\t<div class=\"elementor-toggle-item\">\n\t\t\t\t\t<h6 id=\"elementor-tab-title-7121\" class=\"elementor-tab-title\" data-tab=\"1\" role=\"button\" aria-controls=\"elementor-tab-content-7121\" aria-expanded=\"false\">\n\t\t\t\t\t\t\t\t\t\t\t\t<span class=\"elementor-toggle-icon elementor-toggle-icon-right\" aria-hidden=\"true\">\n\t\t\t\t\t\t\t\t\t\t\t\t\t\t\t<span class=\"elementor-toggle-icon-closed\"><\/span>\n\t\t\t\t\t\t\t\t<span class=\"elementor-toggle-icon-opened\"><\/span>\n\t\t\t\t\t\t\t\t\t\t\t\t\t<\/span>\n\t\t\t\t\t\t\t\t\t\t\t\t<a class=\"elementor-toggle-title\" tabindex=\"0\">Hur f\u00e5r g\u00e4sterna tillg\u00e5ng till huset?<\/a>\n\t\t\t\t\t<\/h6>\n\n\t\t\t\t\t<div id=\"elementor-tab-content-7121\" class=\"elementor-tab-content elementor-clearfix\" data-tab=\"1\" role=\"region\" aria-labelledby=\"elementor-tab-title-7121\"><p>Vi kommer att beh\u00f6va montera en nyckelbox p\u00e5 eller intill fastigheten. Detta g\u00f6rs f\u00f6r att g\u00e4ster smidigt ska kunna checka ut och in samtidigt som nyckeln h\u00e5lls inl\u00e5st.<\/p><\/div>\n\t\t\t\t<\/div>\n\t\t\t\t\t\t\t<div class=\"elementor-toggle-item\">\n\t\t\t\t\t<h6 id=\"elementor-tab-title-7122\" class=\"elementor-tab-title\" data-tab=\"2\" role=\"button\" aria-controls=\"elementor-tab-content-7122\" aria-expanded=\"false\">\n\t\t\t\t\t\t\t\t\t\t\t\t<span class=\"elementor-toggle-icon elementor-toggle-icon-right\" aria-hidden=\"true\">\n\t\t\t\t\t\t\t\t\t\t\t\t\t\t\t<span class=\"elementor-toggle-icon-closed\"><\/span>\n\t\t\t\t\t\t\t\t<span class=\"elementor-toggle-icon-opened\"><\/span>\n\t\t\t\t\t\t\t\t\t\t\t\t\t<\/span>\n\t\t\t\t\t\t\t\t\t\t\t\t<a class=\"elementor-toggle-title\" tabindex=\"0\">Vad h\u00e4nder om n\u00e5got g\u00e5r s\u00f6nder?<\/a>\n\t\t\t\t\t<\/h6>\n\n\t\t\t\t\t<div id=\"elementor-tab-content-7122\" class=\"elementor-tab-content elementor-clearfix\" data-tab=\"2\" role=\"region\" aria-labelledby=\"elementor-tab-title-7122\"><p>Skulle n\u00e5got h\u00e4nda s\u00e5 har vi en f\u00f6rs\u00e4kring som hj\u00e4lper dig. F\u00f6rs\u00e4kringen ger dig ers\u00e4ttning f\u00f6r<\/p><p>Skada p\u00e5 ditt boende, m\u00f6bler, v\u00e4rdesaker eller tillh\u00f6righeter som orsakats av g\u00e4ster (eller deras<br \/>inbjudna g\u00e4ster)<br \/>\u25cf Skador p\u00e5 parkerade bilar, b\u00e5tar eller andra fordon som orsakats av g\u00e4ster (eller deras inbjudna<br \/>g\u00e4ster)<br \/>\u25cf Extra reng\u00f6ringskostnader som kr\u00e4vs f\u00f6r att ta bort \u00e4ckar som l\u00e4mnats av g\u00e4ster (eller deras<br \/>inbjudna) eller djur, avl\u00e4gsnande av r\u00f6klukt eller n\u00e4r det kr\u00e4vs p\u00e5 grund av ytterligare<br \/>icke-godk\u00e4nda g\u00e4ster<br \/>Egendomsskydd f\u00f6r v\u00e4rdar omfattar inte:<br \/>\u25cf Skador p\u00e5 grund av normalt slitage<br \/>\u25cf F\u00f6rlust p\u00e5 grund av naturkatastrofer (som jordb\u00e4vningar och orkaner)<br \/>\u25cf Skada eller egendomsskada som drabbat g\u00e4ster eller andra.\u00a0<\/p><\/div>\n\t\t\t\t<\/div>\n\t\t\t\t\t\t\t<div class=\"elementor-toggle-item\">\n\t\t\t\t\t<h6 id=\"elementor-tab-title-7123\" class=\"elementor-tab-title\" data-tab=\"3\" role=\"button\" aria-controls=\"elementor-tab-content-7123\" aria-expanded=\"false\">\n\t\t\t\t\t\t\t\t\t\t\t\t<span class=\"elementor-toggle-icon elementor-toggle-icon-right\" aria-hidden=\"true\">\n\t\t\t\t\t\t\t\t\t\t\t\t\t\t\t<span class=\"elementor-toggle-icon-closed\"><\/span>\n\t\t\t\t\t\t\t\t<span class=\"elementor-toggle-icon-opened\"><\/span>\n\t\t\t\t\t\t\t\t\t\t\t\t\t<\/span>\n\t\t\t\t\t\t\t\t\t\t\t\t<a class=\"elementor-toggle-title\" tabindex=\"0\">Kan man testa er tj\u00e4nst utan att skriva avtal<\/a>\n\t\t\t\t\t<\/h6>\n\n\t\t\t\t\t<div id=\"elementor-tab-content-7123\" class=\"elementor-tab-content elementor-clearfix\" data-tab=\"3\" role=\"region\" aria-labelledby=\"elementor-tab-title-7123\"><p>Ja, du kan testa att hyra ut via oss utan n\u00e5gra f\u00f6rbindelser. Ett kundavtal beh\u00f6ver vi komma \u00f6verens om men du kan v\u00e4lja att inte teckna ett bindande avtal med oss, Det kan du avsluta n\u00e4r du vill.0<\/p><\/div>\n\t\t\t\t<\/div>\n\t\t\t\t\t\t\t<div class=\"elementor-toggle-item\">\n\t\t\t\t\t<h6 id=\"elementor-tab-title-7124\" class=\"elementor-tab-title\" data-tab=\"4\" role=\"button\" aria-controls=\"elementor-tab-content-7124\" aria-expanded=\"false\">\n\t\t\t\t\t\t\t\t\t\t\t\t<span class=\"elementor-toggle-icon elementor-toggle-icon-right\" aria-hidden=\"true\">\n\t\t\t\t\t\t\t\t\t\t\t\t\t\t\t<span class=\"elementor-toggle-icon-closed\"><\/span>\n\t\t\t\t\t\t\t\t<span class=\"elementor-toggle-icon-opened\"><\/span>\n\t\t\t\t\t\t\t\t\t\t\t\t\t<\/span>\n\t\t\t\t\t\t\t\t\t\t\t\t<a class=\"elementor-toggle-title\" tabindex=\"0\">Vad h\u00e4nder om jag \u00e5ngrar mitt val av uthyrd vecka?<\/a>\n\t\t\t\t\t<\/h6>\n\n\t\t\t\t\t<div id=\"elementor-tab-content-7124\" class=\"elementor-tab-content elementor-clearfix\" data-tab=\"4\" role=\"region\" aria-labelledby=\"elementor-tab-title-7124\"><p>Om du \u00e5ngrar dig s\u00e5 kan du alltid \u00e4ndra eller avbryta s\u00e5 l\u00e4nge inte den veckan har blivit bokad av n\u00e5gon g\u00e4st<\/p><\/div>\n\t\t\t\t<\/div>\n\t\t\t\t\t\t\t\t<\/div>\n\t\t\t\t\t\t<\/div>\n\t\t\t\t<\/div>\n\t\t\t\t<\/div>\n\t\t\t\t\t<\/div>\n\t\t\t\t<\/div>\n\t\t\t\t<\/div>\n\t\t","protected":false},"excerpt":{"rendered":"<p>Kundavtal Detta \u00e4r ett exempel p\u00e5 v\u00e5rat avtal vi beh\u00f6ver underteckna med er Kundavtal Vanliga Fr\u00e5gor Hittade du inte svaret p\u00e5 din fr\u00e5ga?\u00a0\u00a0 Kontakta Oss Hur ofta kan jag hyra ut? Hos oss finns inga begr\u00e4nsningar hur ofta du vill hyra ut ditt hus men det finns en del saker du beh\u00f6ver t\u00e4nka p\u00e5: Du [&hellip;]<\/p>\n","protected":false},"author":1,"featured_media":0,"parent":0,"menu_order":0,"comment_status":"closed","ping_status":"closed","template":"elementor_header_footer","meta":{"footnotes":""},"class_list":["post-34","page","type-page","status-publish","hentry"],"_links":{"self":[{"href":"https:\/\/kustvindenstugor.com\/index.php?rest_route=\/wp\/v2\/pages\/34","targetHints":{"allow":["GET"]}}],"collection":[{"href":"https:\/\/kustvindenstugor.com\/index.php?rest_route=\/wp\/v2\/pages"}],"about":[{"href":"https:\/\/kustvindenstugor.com\/index.php?rest_route=\/wp\/v2\/types\/page"}],"author":[{"embeddable":true,"href":"https:\/\/kustvindenstugor.com\/index.php?rest_route=\/wp\/v2\/users\/1"}],"replies":[{"embeddable":true,"href":"https:\/\/kustvindenstugor.com\/index.php?rest_route=%2Fwp%2Fv2%2Fcomments&post=34"}],"version-history":[{"count":89,"href":"https:\/\/kustvindenstugor.com\/index.php?rest_route=\/wp\/v2\/pages\/34\/revisions"}],"predecessor-version":[{"id":1030,"href":"https:\/\/kustvindenstugor.com\/index.php?rest_route=\/wp\/v2\/pages\/34\/revisions\/1030"}],"wp:attachment":[{"href":"https:\/\/kustvindenstugor.com\/index.php?rest_route=%2Fwp%2Fv2%2Fmedia&parent=34"}],"curies":[{"name":"wp","href":"https:\/\/api.w.org\/{rel}","templated":true}]}}